{"id":4224,"date":"2023-09-23T10:49:28","date_gmt":"2023-09-23T08:49:28","guid":{"rendered":"https:\/\/skyvibration.com\/?page_id=4224"},"modified":"2023-09-23T11:12:17","modified_gmt":"2023-09-23T09:12:17","slug":"newsletter-subscription","status":"publish","type":"page","link":"https:\/\/skyvibration.com\/en\/newsletter-subscription\/","title":{"rendered":"Newsletter subscription"},"content":{"rendered":"\t\t<div data-elementor-type=\"wp-page\" data-elementor-id=\"4224\" class=\"elementor elementor-4224\" data-elementor-post-type=\"page\">\n\t\t\t\t\t\t<section data-particle_enable=\"false\" data-particle-mobile-disabled=\"false\" data-exad-particle-enable=\"false\" class=\"elementor-section elementor-top-section elementor-element elementor-element-35210ad elementor-section-height-min-height elementor-section-boxed elementor-section-height-default elementor-section-items-middle exad-parallax-effect-no exad-background-color-change-no exad-glass-effect-no exad-sticky-section-no\" data-id=\"35210ad\" data-element_type=\"section\">\n\t\t\t\t\t\t<div class=\"elementor-container elementor-column-gap-default\">\n\t\t\t\t\t<div class=\"elementor-column elementor-col-50 elementor-top-column elementor-element elementor-element-141c576 exad-glass-effect-no exad-sticky-section-no\" data-id=\"141c576\" data-element_type=\"column\">\n\t\t\t<div class=\"elementor-widget-wrap elementor-element-populated\">\n\t\t\t\t\t\t<div class=\"elementor-element elementor-element-3cae1533 exad-sticky-section-no exad-glass-effect-no elementor-invisible elementor-widget elementor-widget-heading\" data-id=\"3cae1533\" data-element_type=\"widget\" data-settings=\"{&quot;_animation&quot;:&quot;fadeIn&quot;}\" data-widget_type=\"heading.default\">\n\t\t\t\t<div class=\"elementor-widget-container\">\n\t\t\t\t\t<h1 class=\"elementor-heading-title elementor-size-default\">Inscription \u00e0 notre newsletter<\/h1>\t\t\t\t<\/div>\n\t\t\t\t<\/div>\n\t\t\t\t<div class=\"elementor-element elementor-element-724223b0 exad-sticky-section-no exad-glass-effect-no elementor-widget elementor-widget-text-editor\" data-id=\"724223b0\" data-element_type=\"widget\" data-widget_type=\"text-editor.default\">\n\t\t\t\t<div class=\"elementor-widget-container\">\n\t\t\t\t\t\t\t\t\t<p>Restez branch\u00e9s \u00e0 l&rsquo;adr\u00e9naline ! En vous inscrivant \u00e0 notre newsletter, vous serez parmi les premiers \u00e0 \u00eatre inform\u00e9s des nouveaux sauts disponibles, des promotions exclusives et des derni\u00e8res actualit\u00e9s de SkyVibration.<\/p><p>Pr\u00e9parez-vous \u00e0 vivre le ciel comme jamais auparavant.<\/p>\t\t\t\t\t\t\t\t<\/div>\n\t\t\t\t<\/div>\n\t\t\t\t\t<\/div>\n\t\t<\/div>\n\t\t\t\t<div class=\"elementor-column elementor-col-50 elementor-top-column elementor-element elementor-element-3b67ec9 exad-glass-effect-no exad-sticky-section-no\" data-id=\"3b67ec9\" data-element_type=\"column\">\n\t\t\t<div class=\"elementor-widget-wrap elementor-element-populated\">\n\t\t\t\t\t\t<div class=\"elementor-element elementor-element-d21376d exad-sticky-section-no exad-glass-effect-no elementor-widget elementor-widget-image\" data-id=\"d21376d\" data-element_type=\"widget\" data-widget_type=\"image.default\">\n\t\t\t\t<div class=\"elementor-widget-container\">\n\t\t\t\t\t\t\t\t\t\t\t\t\t\t\t<img fetchpriority=\"high\" decoding=\"async\" width=\"800\" height=\"534\" src=\"https:\/\/skyvibration.com\/wp-content\/uploads\/2023\/05\/Vincent-Descols-le-Blond-wingsuit-helicopter-exit-Red-Bull-ACES-championship-012-1-scaled-1-1024x683.webp\" class=\"attachment-large size-large wp-image-603\" alt=\"SkyVibration - Vol en wingsuit tandem\" srcset=\"https:\/\/skyvibration.com\/wp-content\/uploads\/2023\/05\/Vincent-Descols-le-Blond-wingsuit-helicopter-exit-Red-Bull-ACES-championship-012-1-scaled-1-1024x683.webp 1024w, https:\/\/skyvibration.com\/wp-content\/uploads\/2023\/05\/Vincent-Descols-le-Blond-wingsuit-helicopter-exit-Red-Bull-ACES-championship-012-1-scaled-1-600x400.webp 600w, https:\/\/skyvibration.com\/wp-content\/uploads\/2023\/05\/elementor\/thumbs\/Vincent-Descols-le-Blond-wingsuit-helicopter-exit-Red-Bull-ACES-championship-012-1-scaled-1-q8j0i248phkdwtdldkw45fuebk603ye0tp2ntzbfm8.webp 300w, https:\/\/skyvibration.com\/wp-content\/uploads\/2023\/05\/Vincent-Descols-le-Blond-wingsuit-helicopter-exit-Red-Bull-ACES-championship-012-1-scaled-1-768x512.webp 768w, https:\/\/skyvibration.com\/wp-content\/uploads\/2023\/05\/Vincent-Descols-le-Blond-wingsuit-helicopter-exit-Red-Bull-ACES-championship-012-1-scaled-1-1536x1024.webp 1536w, https:\/\/skyvibration.com\/wp-content\/uploads\/2023\/05\/Vincent-Descols-le-Blond-wingsuit-helicopter-exit-Red-Bull-ACES-championship-012-1-scaled-1-2048x1366.webp 2048w\" sizes=\"(max-width: 800px) 100vw, 800px\">\t\t\t\t\t\t\t\t\t\t\t\t\t\t\t<\/div>\n\t\t\t\t<\/div>\n\t\t\t\t\t<\/div>\n\t\t<\/div>\n\t\t\t\t\t<\/div>\n\t\t<\/section>\n\t\t\t\t<section data-particle_enable=\"false\" data-particle-mobile-disabled=\"false\" data-exad-particle-enable=\"false\" class=\"elementor-section elementor-top-section elementor-element elementor-element-619ac4a elementor-section-boxed elementor-section-height-default elementor-section-height-default exad-parallax-effect-no exad-background-color-change-no exad-glass-effect-no exad-sticky-section-no\" data-id=\"619ac4a\" data-element_type=\"section\">\n\t\t\t\t\t\t<div class=\"elementor-container elementor-column-gap-default\">\n\t\t\t\t\t<div class=\"elementor-column elementor-col-100 elementor-top-column elementor-element elementor-element-43cad3e exad-glass-effect-no exad-sticky-section-no\" data-id=\"43cad3e\" data-element_type=\"column\">\n\t\t\t<div class=\"elementor-widget-wrap elementor-element-populated\">\n\t\t\t\t\t\t<div class=\"elementor-element elementor-element-39286df exad-sticky-section-no exad-glass-effect-no elementor-invisible elementor-widget elementor-widget-heading\" data-id=\"39286df\" data-element_type=\"widget\" data-settings=\"{&quot;_animation&quot;:&quot;fadeIn&quot;}\" data-widget_type=\"heading.default\">\n\t\t\t\t<div class=\"elementor-widget-container\">\n\t\t\t\t\t<h2 class=\"elementor-heading-title elementor-size-default\">Formulaire d\u2019inscription<\/h2>\t\t\t\t<\/div>\n\t\t\t\t<\/div>\n\t\t\t\t<div class=\"elementor-element elementor-element-bade837 exad-sticky-section-no exad-glass-effect-no elementor-widget elementor-widget-wpforms\" data-id=\"bade837\" data-element_type=\"widget\" data-widget_type=\"wpforms.default\">\n\t\t\t\t<div class=\"elementor-widget-container\">\n\t\t\t\t\t<div class=\"wpforms-container wpforms-container-full\" id=\"wpforms-4238\"><form id=\"wpforms-form-4238\" class=\"wpforms-validate wpforms-form wpforms-ajax-form\" data-formid=\"4238\" method=\"post\" enctype=\"multipart\/form-data\" action=\"\/en\/wp-json\/wp\/v2\/pages\/4224\" data-token=\"76ed7ad0dfec36c1683a0453cd91b96a\" data-token-time=\"1777347754\"><noscript class=\"wpforms-error-noscript\">Please enable JavaScript in your browser to complete this form.<\/noscript><div class=\"wpforms-field-container\"><div id=\"wpforms-4238-field_2-container\" class=\"wpforms-field wpforms-field-name\" data-field-id=\"2\"><label class=\"wpforms-field-label\">Votre nom <span class=\"wpforms-required-label\">*<\/span><\/label><div class=\"wpforms-field-row wpforms-field-large\"><div class=\"wpforms-field-row-block wpforms-first wpforms-one-half\"><input type=\"text\" id=\"wpforms-4238-field_2\" class=\"wpforms-field-name-first wpforms-field-required\" name=\"wpforms[fields][2][first]\" required><label for=\"wpforms-4238-field_2\" class=\"wpforms-field-sublabel after\">First<\/label><\/div><div class=\"wpforms-field-row-block wpforms-one-half\"><input type=\"text\" id=\"wpforms-4238-field_2-last\" class=\"wpforms-field-name-last wpforms-field-required\" name=\"wpforms[fields][2][last]\" required><label for=\"wpforms-4238-field_2-last\" class=\"wpforms-field-sublabel after\">Last<\/label><\/div><\/div><\/div><div id=\"wpforms-4238-field_1-container\" class=\"wpforms-field wpforms-field-email\" data-field-id=\"1\"><label class=\"wpforms-field-label\" for=\"wpforms-4238-field_1\">Votre adresse e-mail <span class=\"wpforms-required-label\">*<\/span><\/label><input type=\"email\" id=\"wpforms-4238-field_1\" class=\"wpforms-field-large wpforms-field-required\" name=\"wpforms[fields][1]\" spellcheck=\"false\" required><\/div><div id=\"wpforms-4238-field_4-container\" class=\"wpforms-field wpforms-field-select wpforms-field-select-style-classic\" data-field-id=\"4\"><label class=\"wpforms-field-label\" for=\"wpforms-4238-field_4\">Votre langue <span class=\"wpforms-required-label\">*<\/span><\/label><select id=\"wpforms-4238-field_4\" class=\"wpforms-field-large wpforms-field-required\" name=\"wpforms[fields][4]\" required=\"required\"><option value=\"Fran\u00e7ais\" >Fran\u00e7ais<\/option><option value=\"Anglais\" >Anglais<\/option><\/select><\/div><\/div><!-- .wpforms-field-container --><div class=\"wpforms-submit-container\" ><input type=\"hidden\" name=\"wpforms[id]\" value=\"4238\"><input type=\"hidden\" name=\"page_title\" value=\"\"><input type=\"hidden\" name=\"page_url\" value=\"https:\/\/skyvibration.com\/en\/wp-json\/wp\/v2\/pages\/4224\"><input type=\"hidden\" name=\"url_referer\" value=\"\"><button type=\"submit\" name=\"wpforms[submit]\" id=\"wpforms-submit-4238\" class=\"wpforms-submit\" data-alt-text=\"Ajout...\" data-submit-text=\"S\u2019inscrire\" aria-live=\"assertive\" value=\"wpforms-submit\">S\u2019inscrire<\/button><img decoding=\"async\" src=\"https:\/\/skyvibration.com\/wp-content\/plugins\/wpforms\/assets\/images\/submit-spin.svg\" class=\"wpforms-submit-spinner\" style=\"display: none;\" width=\"26\" height=\"26\" alt=\"Loading\"><\/div><\/form><\/div>  <!-- .wpforms-container -->\t\t\t\t<\/div>\n\t\t\t\t<\/div>\n\t\t\t\t\t<\/div>\n\t\t<\/div>\n\t\t\t\t\t<\/div>\n\t\t<\/section>\n\t\t\t\t<\/div>\n\t\t","protected":false},"excerpt":{"rendered":"<p>Inscription \u00e0 notre newsletter Restez branch\u00e9s \u00e0 l&rsquo;adr\u00e9naline ! En vous inscrivant \u00e0 notre newsletter, vous serez parmi les premiers \u00e0 \u00eatre inform\u00e9s des nouveaux sauts disponibles, des promotions exclusives et des derni\u00e8res actualit\u00e9s de SkyVibration. Pr\u00e9parez-vous \u00e0 vivre le ciel comme jamais auparavant. Formulaire d\u2019inscription Veuillez activer JavaScript dans votre navigateur pour remplir ce [&hellip;]<\/p>\n","protected":false},"author":1,"featured_media":0,"parent":0,"menu_order":0,"comment_status":"closed","ping_status":"open","template":"elementor_header_footer","meta":{"_monsterinsights_skip_tracking":false,"_monsterinsights_sitenote_active":false,"_monsterinsights_sitenote_note":"","_monsterinsights_sitenote_category":0,"footnotes":""},"class_list":["post-4224","page","type-page","status-publish","hentry"],"_links":{"self":[{"href":"https:\/\/skyvibration.com\/en\/wp-json\/wp\/v2\/pages\/4224","targetHints":{"allow":["GET"]}}],"collection":[{"href":"https:\/\/skyvibration.com\/en\/wp-json\/wp\/v2\/pages"}],"about":[{"href":"https:\/\/skyvibration.com\/en\/wp-json\/wp\/v2\/types\/page"}],"author":[{"embeddable":true,"href":"https:\/\/skyvibration.com\/en\/wp-json\/wp\/v2\/users\/1"}],"replies":[{"embeddable":true,"href":"https:\/\/skyvibration.com\/en\/wp-json\/wp\/v2\/comments?post=4224"}],"version-history":[{"count":0,"href":"https:\/\/skyvibration.com\/en\/wp-json\/wp\/v2\/pages\/4224\/revisions"}],"wp:attachment":[{"href":"https:\/\/skyvibration.com\/en\/wp-json\/wp\/v2\/media?parent=4224"}],"curies":[{"name":"wp","href":"https:\/\/api.w.org\/{rel}","templated":true}]}}