{"id":6787,"date":"2024-03-17T12:06:21","date_gmt":"2024-03-17T11:06:21","guid":{"rendered":"https:\/\/skyvibration.com\/?page_id=6787"},"modified":"2024-03-17T15:29:12","modified_gmt":"2024-03-17T14:29:12","slug":"ept","status":"publish","type":"page","link":"https:\/\/skyvibration.com\/en\/ept\/","title":{"rendered":"Payment terminal"},"content":{"rendered":"\t\t<div data-elementor-type=\"wp-page\" data-elementor-id=\"6787\" class=\"elementor elementor-6787\" data-elementor-post-type=\"page\">\n\t\t\t\t\t\t<section data-particle_enable=\"false\" data-particle-mobile-disabled=\"false\" data-exad-particle-enable=\"false\" class=\"elementor-section elementor-top-section elementor-element elementor-element-7c48a67a elementor-section-boxed elementor-section-height-default elementor-section-height-default exad-parallax-effect-no exad-background-color-change-no exad-glass-effect-no exad-sticky-section-no\" data-id=\"7c48a67a\" data-element_type=\"section\" data-settings=\"{&quot;background_background&quot;:&quot;classic&quot;}\">\n\t\t\t\t\t\t<div class=\"elementor-container elementor-column-gap-no\">\n\t\t\t\t\t<div class=\"elementor-column elementor-col-100 elementor-top-column elementor-element elementor-element-28847192 exad-glass-effect-no exad-sticky-section-no\" data-id=\"28847192\" data-element_type=\"column\">\n\t\t\t<div class=\"elementor-widget-wrap elementor-element-populated\">\n\t\t\t\t\t\t<div class=\"elementor-element elementor-element-79dd4772 exad-sticky-section-no exad-glass-effect-no elementor-widget elementor-widget-heading\" data-id=\"79dd4772\" data-element_type=\"widget\" data-widget_type=\"heading.default\">\n\t\t\t\t<div class=\"elementor-widget-container\">\n\t\t\t\t\t<h1 class=\"elementor-heading-title elementor-size-default\">Terminal de Paiement \u00c9lectronique<\/h1>\t\t\t\t<\/div>\n\t\t\t\t<\/div>\n\t\t\t\t<div class=\"elementor-element elementor-element-122a9413 exad-sticky-section-no exad-glass-effect-no elementor-widget elementor-widget-heading\" data-id=\"122a9413\" data-element_type=\"widget\" data-widget_type=\"heading.default\">\n\t\t\t\t<div class=\"elementor-widget-container\">\n\t\t\t\t\t<h5 class=\"elementor-heading-title elementor-size-default\">\nLe Terminal de Paiement \u00c9lectronique (TPE) offre une solution pratique pour transf\u00e9rer un montant personnalis\u00e9 \u00e0 SkyVibration. Il suffit d'entrer le montant d\u00e9sir\u00e9 ainsi que les d\u00e9tails de votre carte bancaire pour initier la transaction. Cette m\u00e9thode assure une transaction rapide et s\u00e9curis\u00e9e, vous permettant de r\u00e9gler vos paiements avec facilit\u00e9 et confiance.<\/h5>\t\t\t\t<\/div>\n\t\t\t\t<\/div>\n\t\t\t\t\t<\/div>\n\t\t<\/div>\n\t\t\t\t\t<\/div>\n\t\t<\/section>\n\t\t<div data-particle_enable=\"false\" data-particle-mobile-disabled=\"false\" class=\"elementor-element elementor-element-38aa216 e-flex e-con-boxed e-con e-parent\" data-id=\"38aa216\" data-element_type=\"container\">\n\t\t\t\t\t<div class=\"e-con-inner\">\n\t\t\t\t<div class=\"elementor-element elementor-element-f276864 exad-sticky-section-no exad-glass-effect-no elementor-widget elementor-widget-wpforms\" data-id=\"f276864\" data-element_type=\"widget\" data-widget_type=\"wpforms.default\">\n\t\t\t\t<div class=\"elementor-widget-container\">\n\t\t\t\t\t<div class=\"wpforms-container wpforms-container-full wpforms-stripe\" id=\"wpforms-6779\"><form id=\"wpforms-form-6779\" class=\"wpforms-validate wpforms-form wpforms-ajax-form\" data-formid=\"6779\" method=\"post\" enctype=\"multipart\/form-data\" action=\"\/en\/wp-json\/wp\/v2\/pages\/6787\" data-token=\"e00c4f23e825f4e9a22a3c55a9694b43\" data-token-time=\"1776740909\"><div class=\"wpforms-head-container\"><div class=\"wpforms-title\">Terminal de Paiement<\/div><\/div><noscript class=\"wpforms-error-noscript\">Please enable JavaScript in your browser to complete this form.<\/noscript><div class=\"wpforms-field-container\"><div id=\"wpforms-6779-field_8-container\" class=\"wpforms-field wpforms-field-name\" data-field-id=\"8\"><label class=\"wpforms-field-label\">Informations du payeur <span class=\"wpforms-required-label\">*<\/span><\/label><div class=\"wpforms-field-row wpforms-field-medium\"><div class=\"wpforms-field-row-block wpforms-first wpforms-one-half\"><input type=\"text\" id=\"wpforms-6779-field_8\" class=\"wpforms-field-name-first wpforms-field-required\" name=\"wpforms[fields][8][first]\" required><label for=\"wpforms-6779-field_8\" class=\"wpforms-field-sublabel after\">First<\/label><\/div><div class=\"wpforms-field-row-block wpforms-one-half\"><input type=\"text\" id=\"wpforms-6779-field_8-last\" class=\"wpforms-field-name-last wpforms-field-required\" name=\"wpforms[fields][8][last]\" required><label for=\"wpforms-6779-field_8-last\" class=\"wpforms-field-sublabel after\">Last<\/label><\/div><\/div><\/div><div id=\"wpforms-6779-field_9-container\" class=\"wpforms-field wpforms-field-email\" data-field-id=\"9\"><label class=\"wpforms-field-label\" for=\"wpforms-6779-field_9\">E-mail <span class=\"wpforms-required-label\">*<\/span><\/label><input type=\"email\" id=\"wpforms-6779-field_9\" class=\"wpforms-field-medium wpforms-field-required\" name=\"wpforms[fields][9]\" spellcheck=\"false\" required><div class=\"wpforms-field-description\">Un re\u00e7u de paiement sera envoy\u00e9 \u00e0 cette adresse e-mail.<\/div><\/div><div id=\"wpforms-6779-field_6-container\" class=\"wpforms-field wpforms-field-payment-single\" data-field-id=\"6\"><label class=\"wpforms-field-label\" for=\"wpforms-6779-field_6\">Montant <span class=\"wpforms-required-label\">*<\/span><\/label><input type=\"text\" id=\"wpforms-6779-field_6\" class=\"wpforms-field-medium wpforms-field-required wpforms-payment-user-input wpforms-payment-price\" data-rule-currency=\"[&quot;$&quot;,false]\" data-rule-required-minimum-price=\"0.01\" data-rule-required-positive-number=\"1\" name=\"wpforms[fields][6]\"><div class=\"wpforms-field-description\">Saisir le montant \u00e0 payer \u00e0 SkyVibration<\/div><div class=\"wpforms-field-description\">Minimum Price: 0,01 &euro;<\/div><\/div><div id=\"wpforms-6779-field_2-container\" class=\"wpforms-field wpforms-field-payment-total wpforms-field-medium\" data-field-id=\"2\"><label class=\"wpforms-field-label\">Total T.T.C.<\/label><div class=\"wpforms-payment-total\" style=\"\">0,00 &euro;<\/div><input type=\"hidden\" id=\"wpforms-6779-field_2\" class=\"wpforms-field-medium wpforms-payment-total\" name=\"wpforms[fields][2]\" value=\"0\"><\/div><div id=\"wpforms-6779-field_1-container\" class=\"wpforms-field wpforms-field-stripe-credit-card\" data-field-id=\"1\"><label class=\"wpforms-field-label\">Paiement par Carte de banque <span class=\"wpforms-required-label\">*<\/span><\/label><div class=\"wpforms-field-row wpforms-no-columns wpforms-field-medium \" data-sublabel-position=\"above\" data-link-email=\"\" data-required=\"1\"><div id=\"wpforms-field-stripe-link-element-6779\"><\/div><div id=\"wpforms-field-stripe-payment-element-6779\"><\/div><input type=\"text\" class=\"wpforms-stripe-credit-card-hidden-input\" name=\"wpforms[stripe-credit-card-hidden-input-6779]\" disabled style=\"display: none;\"><\/div><\/div><\/div><!-- .wpforms-field-container --><div class=\"wpforms-submit-container\" ><input type=\"hidden\" name=\"wpforms[id]\" value=\"6779\"><input type=\"hidden\" name=\"page_title\" value=\"\"><input type=\"hidden\" name=\"page_url\" value=\"https:\/\/skyvibration.com\/en\/wp-json\/wp\/v2\/pages\/6787\"><input type=\"hidden\" name=\"url_referer\" value=\"\"><button type=\"submit\" name=\"wpforms[submit]\" id=\"wpforms-submit-6779\" class=\"wpforms-submit\" data-alt-text=\"Paiement...\" data-submit-text=\"Payer\" aria-live=\"assertive\" value=\"wpforms-submit\">Payer<\/button><img decoding=\"async\" src=\"https:\/\/skyvibration.com\/wp-content\/plugins\/wpforms\/assets\/images\/submit-spin.svg\" class=\"wpforms-submit-spinner\" style=\"display: none;\" width=\"26\" height=\"26\" alt=\"Loading\"><\/div><\/form><\/div>  <!-- .wpforms-container -->\t\t\t\t<\/div>\n\t\t\t\t<\/div>\n\t\t\t\t\t<\/div>\n\t\t\t\t<\/div>\n\t\t\t\t<\/div>\n\t\t","protected":false},"excerpt":{"rendered":"<p>Terminal de Paiement \u00c9lectronique Le Terminal de Paiement \u00c9lectronique (TPE) offre une solution pratique pour transf\u00e9rer un montant personnalis\u00e9 \u00e0 SkyVibration. Il suffit d&rsquo;entrer le montant d\u00e9sir\u00e9 ainsi que les d\u00e9tails de votre carte bancaire pour initier la transaction. Cette m\u00e9thode assure une transaction rapide et s\u00e9curis\u00e9e, vous permettant de r\u00e9gler vos paiements avec facilit\u00e9 [&hellip;]<\/p>\n","protected":false},"author":1,"featured_media":0,"parent":0,"menu_order":0,"comment_status":"closed","ping_status":"closed","template":"elementor_header_footer","meta":{"_monsterinsights_skip_tracking":false,"_monsterinsights_sitenote_active":false,"_monsterinsights_sitenote_note":"","_monsterinsights_sitenote_category":0,"footnotes":""},"class_list":["post-6787","page","type-page","status-publish","hentry"],"_links":{"self":[{"href":"https:\/\/skyvibration.com\/en\/wp-json\/wp\/v2\/pages\/6787","targetHints":{"allow":["GET"]}}],"collection":[{"href":"https:\/\/skyvibration.com\/en\/wp-json\/wp\/v2\/pages"}],"about":[{"href":"https:\/\/skyvibration.com\/en\/wp-json\/wp\/v2\/types\/page"}],"author":[{"embeddable":true,"href":"https:\/\/skyvibration.com\/en\/wp-json\/wp\/v2\/users\/1"}],"replies":[{"embeddable":true,"href":"https:\/\/skyvibration.com\/en\/wp-json\/wp\/v2\/comments?post=6787"}],"version-history":[{"count":0,"href":"https:\/\/skyvibration.com\/en\/wp-json\/wp\/v2\/pages\/6787\/revisions"}],"wp:attachment":[{"href":"https:\/\/skyvibration.com\/en\/wp-json\/wp\/v2\/media?parent=6787"}],"curies":[{"name":"wp","href":"https:\/\/api.w.org\/{rel}","templated":true}]}}