{"id":7668,"date":"2024-10-27T02:26:44","date_gmt":"2024-10-27T01:26:44","guid":{"rendered":"https:\/\/skyvibration.com\/?page_id=7668"},"modified":"2025-06-23T21:13:36","modified_gmt":"2025-06-23T19:13:36","slug":"contact","status":"publish","type":"page","link":"https:\/\/skyvibration.com\/en\/contact\/","title":{"rendered":"Contact"},"content":{"rendered":"\t\t<div data-elementor-type=\"wp-page\" data-elementor-id=\"7668\" class=\"elementor elementor-7668\" data-elementor-post-type=\"page\">\n\t\t\t\t<div class=\"elementor-element elementor-element-0097e81 e-flex e-con-boxed e-con e-parent\" data-id=\"0097e81\" data-element_type=\"container\" data-e-type=\"container\" data-settings=\"{&quot;background_background&quot;:&quot;classic&quot;}\">\n\t\t\t\t\t<div class=\"e-con-inner\">\n\t\t\t\t<div class=\"elementor-element elementor-element-8e1a2ba exad-sticky-section-no exad-glass-effect-no elementor-widget elementor-widget-heading\" data-id=\"8e1a2ba\" data-element_type=\"widget\" data-e-type=\"widget\" data-widget_type=\"heading.default\">\n\t\t\t\t<div class=\"elementor-widget-container\">\n\t\t\t\t\t<h2 class=\"elementor-heading-title elementor-size-default\">Contacter <br>SkyVibration\n<\/h2>\t\t\t\t<\/div>\n\t\t\t\t<\/div>\n\t\t\t\t\t<\/div>\n\t\t\t\t<\/div>\n\t\t<div class=\"elementor-element elementor-element-d3f2def e-flex e-con-boxed e-con e-parent\" data-id=\"d3f2def\" data-element_type=\"container\" data-e-type=\"container\">\n\t\t\t\t\t<div class=\"e-con-inner\">\n\t\t<div class=\"elementor-element elementor-element-e15b223 e-con-full e-flex e-con e-child\" data-id=\"e15b223\" data-element_type=\"container\" data-e-type=\"container\">\n\t\t\t\t<div class=\"elementor-element elementor-element-076766e exad-sticky-section-no exad-glass-effect-no elementor-widget elementor-widget-heading\" data-id=\"076766e\" data-element_type=\"widget\" data-e-type=\"widget\" data-widget_type=\"heading.default\">\n\t\t\t\t<div class=\"elementor-widget-container\">\n\t\t\t\t\t<h2 class=\"elementor-heading-title elementor-size-default\"><div><div data-message-author-role=\"assistant\" data-message-id=\"b107d6cf-aa74-43bb-92b1-e00d8baa9798\" dir=\"auto\" data-message-model-slug=\"gpt-4o\"><div><div><p>Discutons ensemble<span style=\"letter-spacing: 0px;text-align: var(--text-align)\"><\/span><\/p><\/div><\/div><\/div><\/div><\/h2>\t\t\t\t<\/div>\n\t\t\t\t<\/div>\n\t\t\t\t<div class=\"elementor-element elementor-element-5eda865 exad-sticky-section-no exad-glass-effect-no elementor-widget elementor-widget-text-editor\" data-id=\"5eda865\" data-element_type=\"widget\" data-e-type=\"widget\" data-widget_type=\"text-editor.default\">\n\t\t\t\t<div class=\"elementor-widget-container\">\n\t\t\t\t\t\t\t\t\t<article class=\"w-full scroll-mb-[var(--thread-trailing-height,150px)] text-token-text-primary focus-visible:outline-2 focus-visible:outline-offset-[-4px]\" dir=\"auto\" data-testid=\"conversation-turn-44\" data-scroll-anchor=\"false\"><div class=\"m-auto text-base py-[18px] px-3 md:px-4 w-full md:px-5 lg:px-4 xl:px-5\"><div class=\"mx-auto flex flex-1 gap-4 text-base md:gap-5 lg:gap-6 md:max-w-3xl lg:max-w-[40rem] xl:max-w-[48rem]\"><div class=\"group\/conversation-turn relative flex w-full min-w-0 flex-col\"><div class=\"flex-col gap-1 md:gap-3\"><div class=\"flex max-w-full flex-col flex-grow\"><div class=\"min-h-8 text-message flex w-full flex-col items-end gap-2 whitespace-normal break-words [.text-message+&amp;]:mt-5\" dir=\"auto\" data-message-author-role=\"user\" data-message-id=\"aaa225ff-07f5-484c-ba45-907c4e71c40c\"><div class=\"flex w-full flex-col gap-1 empty:hidden items-end rtl:items-start\"><div class=\"relative max-w-[70%] rounded-3xl bg-token-message-surface px-5 py-2.5\"><div class=\"whitespace-pre-wrap\">Des questions, des commentaires ou des suggestions ? Remplissez simplement le formulaire et nous vous contacterons rapidement<\/div><\/div><\/div><\/div><\/div><\/div><\/div><\/div><\/div><\/article>\t\t\t\t\t\t\t\t<\/div>\n\t\t\t\t<\/div>\n\t\t\t\t<div class=\"elementor-element elementor-element-2dc9e9e elementor-widget__width-initial elementor-icon-list--layout-traditional elementor-list-item-link-full_width exad-sticky-section-no exad-glass-effect-no elementor-widget elementor-widget-icon-list\" data-id=\"2dc9e9e\" data-element_type=\"widget\" data-e-type=\"widget\" data-widget_type=\"icon-list.default\">\n\t\t\t\t<div class=\"elementor-widget-container\">\n\t\t\t\t\t\t\t<ul class=\"elementor-icon-list-items\">\n\t\t\t\t\t\t\t<li class=\"elementor-icon-list-item\">\n\t\t\t\t\t\t\t\t\t\t\t<span class=\"elementor-icon-list-icon\">\n\t\t\t\t\t\t\t<svg xmlns=\"http:\/\/www.w3.org\/2000\/svg\" width=\"32\" height=\"39\" viewBox=\"0 0 32 39\" fill=\"none\"><path d=\"M12.5207 38.0672C12.1684 38.0672 11.8481 37.9071 11.6239 37.6508C10.4709 36.3377 0.253906 24.7115 0.253906 18.3058C0.253906 11.5479 5.76275 6.03906 12.5207 6.03906C19.2786 6.03906 24.7875 11.5479 24.7875 18.3058C24.7875 24.6794 14.5705 36.3377 13.4175 37.6508C13.1933 37.9071 12.873 38.0672 12.5207 38.0672ZM12.5207 8.4732C7.10793 8.4732 2.68805 12.8931 2.68805 18.3058C2.68805 22.5336 9.1257 30.957 12.5207 34.9925C15.9157 30.989 22.3533 22.5336 22.3533 18.3058C22.3533 12.8931 17.9334 8.4732 12.5207 8.4732Z\" fill=\"url(#paint0_linear_764_5946)\"><\/path><path d=\"M12.5205 24.6113C9.12552 24.6113 6.37109 21.8569 6.37109 18.4619C6.37109 15.0669 9.12552 12.3125 12.5205 12.3125C15.9155 12.3125 18.6699 15.0669 18.6699 18.4619C18.6699 21.8569 15.9155 24.6113 12.5205 24.6113ZM12.5205 14.7466C10.4707 14.7466 8.80523 16.4121 8.80523 18.4619C8.80523 20.5117 10.4707 22.1772 12.5205 22.1772C14.5703 22.1772 16.2358 20.5117 16.2358 18.4619C16.2358 16.4121 14.5703 14.7466 12.5205 14.7466Z\" fill=\"url(#paint1_linear_764_5946)\"><\/path><defs><linearGradient id=\"paint0_linear_764_5946\" x1=\"12.5207\" y1=\"6.03906\" x2=\"12.5207\" y2=\"38.0672\" gradientUnits=\"userSpaceOnUse\"><stop stop-color=\"#B356C1\"><\/stop><stop offset=\"1\" stop-color=\"#9734A6\"><\/stop><\/linearGradient><linearGradient id=\"paint1_linear_764_5946\" x1=\"12.5205\" y1=\"12.3125\" x2=\"12.5205\" y2=\"24.6113\" gradientUnits=\"userSpaceOnUse\"><stop stop-color=\"#B356C1\"><\/stop><stop offset=\"1\" stop-color=\"#9734A6\"><\/stop><\/linearGradient><\/defs><\/svg>\t\t\t\t\t\t<\/span>\n\t\t\t\t\t\t\t\t\t\t<span class=\"elementor-icon-list-text\">France - Haute Savoie <\/span>\n\t\t\t\t\t\t\t\t\t<\/li>\n\t\t\t\t\t\t<\/ul>\n\t\t\t\t\t\t<\/div>\n\t\t\t\t<\/div>\n\t\t\t\t<div class=\"elementor-element elementor-element-b45527b elementor-widget__width-initial elementor-icon-list--layout-traditional elementor-list-item-link-full_width exad-sticky-section-no exad-glass-effect-no elementor-widget elementor-widget-icon-list\" data-id=\"b45527b\" data-element_type=\"widget\" data-e-type=\"widget\" data-widget_type=\"icon-list.default\">\n\t\t\t\t<div class=\"elementor-widget-container\">\n\t\t\t\t\t\t\t<ul class=\"elementor-icon-list-items\">\n\t\t\t\t\t\t\t<li class=\"elementor-icon-list-item\">\n\t\t\t\t\t\t\t\t\t\t\t<a href=\"tel:+33%206%2016%2037%2070%2047\">\n\n\t\t\t\t\t\t\t\t\t\t\t\t<span class=\"elementor-icon-list-icon\">\n\t\t\t\t\t\t\t<svg xmlns=\"http:\/\/www.w3.org\/2000\/svg\" width=\"33\" height=\"33\" viewBox=\"0 0 33 33\" fill=\"none\"><g clip-path=\"url(#clip0_764_5953)\"><path d=\"M17.4066 8.68529C18.9736 8.95428 20.4061 9.69556 21.5478 10.8341C22.6831 11.9694 23.4275 13.4019 23.6965 14.9721C23.7997 15.5914 24.3315 16.0386 24.9601 16.0386C25.0415 16.0386 25.1134 16.0292 25.1634 16.0199C25.1666 16.0199 25.1697 16.0199 25.1728 16.0167C25.5137 15.9604 25.8109 15.7759 26.0079 15.4913C26.205 15.2098 26.28 14.872 26.2206 14.5373C25.864 12.4417 24.8757 10.5338 23.3587 9.01683C21.8355 7.49988 19.9245 6.51151 17.832 6.15807H17.8289C17.1314 6.04235 16.4714 6.51464 16.3557 7.209C16.2462 7.90961 16.7154 8.56957 17.4066 8.68529Z\" fill=\"url(#paint0_linear_764_5953)\"><\/path><path d=\"M25.2906 19.4196C24.59 18.6908 23.7424 18.3061 22.8384 18.3061C21.9439 18.3061 21.09 18.6846 20.3738 19.404L18.5941 21.1837C18.5503 21.1618 18.5065 21.1399 18.4659 21.118L18.3752 21.0742C18.1844 20.9772 17.9654 20.8678 17.784 20.7552C15.9574 19.5948 14.2903 18.0747 12.6826 16.1042C11.9945 15.2378 11.5129 14.5028 11.1594 13.7709C11.6067 13.3486 12.0227 12.9264 12.4137 12.526C12.5012 12.4385 12.5888 12.3478 12.6795 12.2571C12.7671 12.1664 12.8578 12.0757 12.9485 11.9849C13.6929 11.2405 14.087 10.3773 14.0839 9.489C14.0839 8.60385 13.6898 7.74372 12.9485 7.00557L11.2189 5.27593C11.1188 5.17584 11.0187 5.07575 10.9217 4.97566C10.8248 4.87557 10.7247 4.77549 10.6277 4.67852L10.4901 4.53778C10.1492 4.1906 9.79574 3.83091 9.43917 3.50249C8.74481 2.81126 7.90345 2.44531 7.01204 2.44531C6.12376 2.44531 5.27614 2.81126 4.55363 3.50249C4.5505 3.50562 4.54737 3.50562 4.54737 3.50875L2.37984 5.67315C1.49469 6.5583 0.991123 7.63738 0.881652 8.87909V8.88222C0.765925 10.3523 1.03178 11.9036 1.71989 13.7646C2.76143 16.5796 4.3253 19.1882 6.63671 21.9718C9.45794 25.3342 12.8453 27.9865 16.7018 29.8538H16.7049C18.1906 30.5638 20.1861 31.3958 22.4381 31.5428C22.4412 31.5428 22.4444 31.5428 22.4475 31.5428H22.4631C22.5914 31.549 22.7258 31.5553 22.8666 31.5553C24.4461 31.5553 25.7785 30.9829 26.8232 29.8538L26.8388 29.8381C26.8514 29.8256 26.8607 29.8162 26.8701 29.8037C27.1829 29.4284 27.5426 29.0812 27.9461 28.6934C28.2244 28.4275 28.5091 28.1554 28.7843 27.8614C29.4943 27.1201 29.8696 26.2569 29.8665 25.3655C29.8634 24.4709 29.4818 23.617 28.7624 22.8977L25.2906 19.4196ZM24.9466 28.1366C24.3898 28.7309 23.7518 28.9968 22.8822 28.9968C22.8009 28.9968 22.7102 28.9905 22.6164 28.9843C20.8148 28.8685 19.1102 28.1554 17.8278 27.5455C14.2872 25.8409 11.1845 23.4137 8.60406 20.3298C6.49283 17.7869 5.06971 15.4161 4.12826 12.8764C3.56526 11.3657 3.35257 10.1959 3.44015 9.09178C3.49645 8.44746 3.73729 7.93451 4.19707 7.48099L6.34896 5.3291C6.57415 5.11328 6.80561 4.99756 7.02142 4.99756C7.22473 4.99756 7.44054 5.11015 7.66887 5.33222C7.67199 5.33535 7.67512 5.33848 7.67825 5.34161C8.05045 5.69192 8.41327 6.06099 8.79798 6.44883L8.8105 6.46134C8.99503 6.65213 9.20772 6.87108 9.42353 7.08064L11.1501 8.80715C11.6536 9.31072 11.6536 9.66416 11.1501 10.1677C10.9686 10.3491 10.7841 10.5337 10.6027 10.7213L10.4745 10.8527C9.98966 11.3438 9.533 11.8067 9.03569 12.2477C9.02944 12.2539 9.02005 12.2602 9.0138 12.2696L8.98252 12.3008C8.45393 12.8294 8.31006 13.4612 8.55715 14.1744C8.5634 14.1931 8.56966 14.2088 8.57591 14.2244C8.57904 14.2338 8.58217 14.2432 8.58843 14.2526C9.05133 15.3692 9.7019 16.4295 10.7028 17.6962C10.7028 17.6993 10.7059 17.6993 10.7059 17.7025C12.4825 19.8888 14.356 21.5965 16.4359 22.9164C16.7081 23.0885 16.9896 23.2323 17.2523 23.3637C17.4462 23.4607 17.6652 23.5733 17.8466 23.6827C17.8591 23.6921 17.8716 23.6984 17.8841 23.7046L17.8935 23.7109C17.9122 23.7203 17.931 23.7328 17.9529 23.7422C18.225 23.8798 18.494 23.9455 18.7724 23.9455C19.2478 23.9455 19.6857 23.7484 20.0391 23.3762L22.2035 21.2118C22.3599 21.0554 22.6039 20.8678 22.8603 20.8678C23.0981 20.8678 23.3295 21.0523 23.4796 21.2087C23.4828 21.2118 23.4828 21.2118 23.4859 21.2149L26.9796 24.7086C27.3236 25.0527 27.5582 25.4593 26.9514 26.0973L26.9483 26.1005C26.7575 26.3069 26.5542 26.504 26.3384 26.7135C26.2915 26.7573 26.2446 26.8042 26.1977 26.8511C25.7598 27.2609 25.3406 27.6675 24.9466 28.1366Z\" fill=\"url(#paint1_linear_764_5953)\"><\/path><path d=\"M31.6619 14.2856C31.0864 10.8983 29.485 7.80805 27.0297 5.35277C24.5651 2.89436 21.4749 1.29295 18.0844 0.720573C17.3869 0.604846 16.7269 1.07714 16.6112 1.7715C16.4955 2.46898 16.9678 3.12894 17.659 3.24467C20.5271 3.7326 23.1388 5.09004 25.2156 7.16374C27.2925 9.24056 28.6468 11.8522 29.1347 14.7173C29.2379 15.3365 29.7696 15.7838 30.3983 15.7838C30.4014 15.7838 30.4046 15.7838 30.4077 15.7838C30.4859 15.7838 30.5516 15.7744 30.6016 15.765C30.6048 15.765 30.6079 15.765 30.611 15.7619C30.9519 15.7056 31.2491 15.5211 31.4461 15.2365C31.6463 14.9581 31.7214 14.6203 31.6619 14.2856Z\" fill=\"url(#paint2_linear_764_5953)\"><\/path><\/g><defs><linearGradient id=\"paint0_linear_764_5953\" x1=\"21.2901\" y1=\"6.14062\" x2=\"21.2901\" y2=\"16.0386\" gradientUnits=\"userSpaceOnUse\"><stop stop-color=\"#B356C1\"><\/stop><stop offset=\"1\" stop-color=\"#9734A6\"><\/stop><\/linearGradient><linearGradient id=\"paint1_linear_764_5953\" x1=\"15.361\" y1=\"2.44531\" x2=\"15.361\" y2=\"31.5553\" gradientUnits=\"userSpaceOnUse\"><stop stop-color=\"#B356C1\"><\/stop><stop offset=\"1\" stop-color=\"#9734A6\"><\/stop><\/linearGradient><linearGradient id=\"paint2_linear_764_5953\" x1=\"24.1377\" y1=\"0.703125\" x2=\"24.1377\" y2=\"15.7838\" gradientUnits=\"userSpaceOnUse\"><stop stop-color=\"#B356C1\"><\/stop><stop offset=\"1\" stop-color=\"#9734A6\"><\/stop><\/linearGradient><clipPath id=\"clip0_764_5953\"><rect width=\"32.0281\" height=\"32.0281\" fill=\"white\" transform=\"translate(0.253906 0.117188)\"><\/rect><\/clipPath><\/defs><\/svg>\t\t\t\t\t\t<\/span>\n\t\t\t\t\t\t\t\t\t\t<span class=\"elementor-icon-list-text\">+33 6 16 37 70 47<\/span>\n\t\t\t\t\t\t\t\t\t\t\t<\/a>\n\t\t\t\t\t\t\t\t\t<\/li>\n\t\t\t\t\t\t<\/ul>\n\t\t\t\t\t\t<\/div>\n\t\t\t\t<\/div>\n\t\t\t\t<div class=\"elementor-element elementor-element-6799e2c elementor-widget__width-initial elementor-icon-list--layout-traditional elementor-list-item-link-full_width exad-sticky-section-no exad-glass-effect-no elementor-widget elementor-widget-icon-list\" data-id=\"6799e2c\" data-element_type=\"widget\" data-e-type=\"widget\" data-widget_type=\"icon-list.default\">\n\t\t\t\t<div class=\"elementor-widget-container\">\n\t\t\t\t\t\t\t<ul class=\"elementor-icon-list-items\">\n\t\t\t\t\t\t\t<li class=\"elementor-icon-list-item\">\n\t\t\t\t\t\t\t\t\t\t\t<a href=\"mailto:skyvibration.event@gmail.com\">\n\n\t\t\t\t\t\t\t\t\t\t\t\t<span class=\"elementor-icon-list-icon\">\n\t\t\t\t\t\t\t<svg xmlns=\"http:\/\/www.w3.org\/2000\/svg\" width=\"35\" height=\"36\" viewBox=\"0 0 35 36\" fill=\"none\"><path fill-rule=\"evenodd\" clip-rule=\"evenodd\" d=\"M3.76229 9.03009L3.94053 8.82957C4.59378 8.14646 5.56697 7.80469 6.85921 7.80469H29.0055C30.2233 7.80469 31.1591 8.1019 31.8128 8.69589L31.8351 8.71817C31.9687 8.83714 32.1029 8.97795 32.2361 9.14149C32.2361 9.15664 32.2437 9.17134 32.2584 9.18605L32.2807 9.20833C32.7713 9.81746 33.0159 10.6788 33.0159 11.7928V24.4033C33.0012 27.0769 31.6644 28.4137 29.0055 28.4137H6.85921C4.20032 28.399 2.87109 27.0622 2.87109 24.4033V11.7928C2.87109 10.5897 3.16831 9.66863 3.76229 9.03009ZM29.7407 9.98813C29.5179 9.92886 29.2729 9.90613 29.0059 9.92128H6.85921C6.69567 9.90658 6.53971 9.91371 6.39133 9.94357L17.8655 21.5737L29.7407 9.98813ZM4.98769 11.5477C4.97299 11.6221 4.97299 11.7037 4.98769 11.7928V24.4033C4.98769 25.6661 5.61153 26.2971 6.85921 26.2971H29.0055C30.2679 26.2971 30.8993 25.6661 30.8993 24.4033V11.8151L18.6007 23.824C18.378 24.0321 18.1257 24.1359 17.8437 24.1359C17.5465 24.1212 17.2938 24.0169 17.0862 23.824L4.98769 11.5477Z\" fill=\"url(#paint0_linear_764_5959)\"><\/path><path fill-rule=\"evenodd\" clip-rule=\"evenodd\" d=\"M3.76172 9.02864C3.79157 8.98408 3.82856 8.93952 3.87312 8.89496C3.88827 8.86511 3.9101 8.84283 3.93996 8.82812L3.76172 9.02864Z\" fill=\"url(#paint1_linear_764_5959)\"><\/path><defs><linearGradient id=\"paint0_linear_764_5959\" x1=\"17.9435\" y1=\"7.80469\" x2=\"17.9435\" y2=\"28.4137\" gradientUnits=\"userSpaceOnUse\"><stop stop-color=\"#B356C1\"><\/stop><stop offset=\"1\" stop-color=\"#9734A6\"><\/stop><\/linearGradient><linearGradient id=\"paint1_linear_764_5959\" x1=\"3.85084\" y1=\"8.82812\" x2=\"3.85084\" y2=\"9.02864\" gradientUnits=\"userSpaceOnUse\"><stop stop-color=\"#B356C1\"><\/stop><stop offset=\"1\" stop-color=\"#9734A6\"><\/stop><\/linearGradient><\/defs><\/svg>\t\t\t\t\t\t<\/span>\n\t\t\t\t\t\t\t\t\t\t<span class=\"elementor-icon-list-text\">contact@skyvibration.com<\/span>\n\t\t\t\t\t\t\t\t\t\t\t<\/a>\n\t\t\t\t\t\t\t\t\t<\/li>\n\t\t\t\t\t\t<\/ul>\n\t\t\t\t\t\t<\/div>\n\t\t\t\t<\/div>\n\t\t\t\t<\/div>\n\t\t<div class=\"elementor-element elementor-element-d16207c e-con-full e-flex e-con e-child\" data-id=\"d16207c\" data-element_type=\"container\" data-e-type=\"container\" data-settings=\"{&quot;background_background&quot;:&quot;classic&quot;}\">\n\t\t\t\t<div class=\"elementor-element elementor-element-88deca7 elementor-button-align-stretch exad-sticky-section-no exad-glass-effect-no elementor-widget elementor-widget-form\" data-id=\"88deca7\" data-element_type=\"widget\" data-e-type=\"widget\" data-settings=\"{&quot;step_next_label&quot;:&quot;Next&quot;,&quot;step_previous_label&quot;:&quot;Previous&quot;,&quot;button_width&quot;:&quot;100&quot;,&quot;step_type&quot;:&quot;number_text&quot;,&quot;step_icon_shape&quot;:&quot;circle&quot;}\" data-widget_type=\"form.default\">\n\t\t\t\t<div class=\"elementor-widget-container\">\n\t\t\t\t\t\t\t<form class=\"elementor-form\" method=\"post\" name=\"Contact\" aria-label=\"Contact\">\n\t\t\t<input type=\"hidden\" name=\"post_id\" value=\"7668\"\/>\n\t\t\t<input type=\"hidden\" name=\"form_id\" value=\"88deca7\"\/>\n\t\t\t<input type=\"hidden\" name=\"referer_title\" value=\"Contact, Questions, Demande d&#039;information - SkyVibration\" \/>\n\n\t\t\t\t\t\t\t<input type=\"hidden\" name=\"queried_id\" value=\"7668\"\/>\n\t\t\t\n\t\t\t<div class=\"elementor-form-fields-wrapper elementor-labels-\">\n\t\t\t\t\t\t\t\t<div class=\"elementor-field-type-text elementor-field-group elementor-column elementor-field-group-name elementor-col-50\">\n\t\t\t\t\t\t\t\t\t\t\t\t<label for=\"form-field-name\" class=\"elementor-field-label elementor-screen-only\">\n\t\t\t\t\t\t\t\tPr\u00e9nom\t\t\t\t\t\t\t<\/label>\n\t\t\t\t\t\t\t\t\t\t\t\t\t\t<input size=\"1\" type=\"text\" name=\"form_fields[name]\" id=\"form-field-name\" class=\"elementor-field elementor-size-lg  elementor-field-textual\" placeholder=\"Patrick\">\n\t\t\t\t\t\t\t\t\t\t\t<\/div>\n\t\t\t\t\t\t\t\t<div class=\"elementor-field-type-text elementor-field-group elementor-column elementor-field-group-field_5621700 elementor-col-50 elementor-field-required\">\n\t\t\t\t\t\t\t\t\t\t\t\t<label for=\"form-field-field_5621700\" class=\"elementor-field-label elementor-screen-only\">\n\t\t\t\t\t\t\t\tNom\t\t\t\t\t\t\t<\/label>\n\t\t\t\t\t\t\t\t\t\t\t\t\t\t<input size=\"1\" type=\"text\" name=\"form_fields[field_5621700]\" id=\"form-field-field_5621700\" class=\"elementor-field elementor-size-lg  elementor-field-textual\" placeholder=\"de Gayardon\" required=\"required\">\n\t\t\t\t\t\t\t\t\t\t\t<\/div>\n\t\t\t\t\t\t\t\t<div class=\"elementor-field-type-email elementor-field-group elementor-column elementor-field-group-email elementor-col-100 elementor-field-required\">\n\t\t\t\t\t\t\t\t\t\t\t\t<label for=\"form-field-email\" class=\"elementor-field-label elementor-screen-only\">\n\t\t\t\t\t\t\t\tEmail\t\t\t\t\t\t\t<\/label>\n\t\t\t\t\t\t\t\t\t\t\t\t\t\t<input size=\"1\" type=\"email\" name=\"form_fields[email]\" id=\"form-field-email\" class=\"elementor-field elementor-size-lg  elementor-field-textual\" placeholder=\"Email\" required=\"required\">\n\t\t\t\t\t\t\t\t\t\t\t<\/div>\n\t\t\t\t\t\t\t\t<div class=\"elementor-field-type-tel elementor-field-group elementor-column elementor-field-group-field_8f385a0 elementor-col-100 elementor-field-required\">\n\t\t\t\t\t\t\t\t\t\t\t\t<label for=\"form-field-field_8f385a0\" class=\"elementor-field-label elementor-screen-only\">\n\t\t\t\t\t\t\t\tT\u00e9l\u00e9phone\t\t\t\t\t\t\t<\/label>\n\t\t\t\t\t\t\t\t<input size=\"1\" type=\"tel\" name=\"form_fields[field_8f385a0]\" id=\"form-field-field_8f385a0\" class=\"elementor-field elementor-size-lg  elementor-field-textual\" placeholder=\"T\u00e9l\u00e9phone\" required=\"required\" pattern=\"[0-9()#&amp;+*-=.]+\" title=\"Seuls les caract\u00e8res de num\u00e9ros de t\u00e9l\u00e9phone (#, -, *, etc.) sont accept\u00e9s.\">\n\n\t\t\t\t\t\t<\/div>\n\t\t\t\t\t\t\t\t<div class=\"elementor-field-type-textarea elementor-field-group elementor-column elementor-field-group-message elementor-col-100\">\n\t\t\t\t\t\t\t\t\t\t\t\t<label for=\"form-field-message\" class=\"elementor-field-label elementor-screen-only\">\n\t\t\t\t\t\t\t\tMessage : \t\t\t\t\t\t\t<\/label>\n\t\t\t\t\t\t<textarea class=\"elementor-field-textual elementor-field  elementor-size-lg\" name=\"form_fields[message]\" id=\"form-field-message\" rows=\"4\" placeholder=\"Votre Message\"><\/textarea>\t\t\t\t<\/div>\n\t\t\t\t\t\t\t\t<div class=\"elementor-field-type-recaptcha_v3 elementor-field-group elementor-column elementor-field-group-field_5975da0 elementor-col-100 recaptcha_v3-bottomright\">\n\t\t\t\t\t<div class=\"elementor-field\" id=\"form-field-field_5975da0\"><div class=\"elementor-g-recaptcha\" data-sitekey=\"6LeEOrcqAAAAACzOhp2HclDVEuWbr5pvC1dbdgDT\" data-type=\"v3\" data-action=\"Form\" data-badge=\"bottomright\" data-size=\"invisible\"><\/div><\/div>\t\t\t\t<\/div>\n\t\t\t\t\t\t\t\t<div class=\"elementor-field-group elementor-column elementor-field-type-submit elementor-col-100 e-form__buttons\">\n\t\t\t\t\t<button class=\"elementor-button elementor-size-sm\" type=\"submit\">\n\t\t\t\t\t\t<span class=\"elementor-button-content-wrapper\">\n\t\t\t\t\t\t\t\t\t\t\t\t\t\t\t\t\t\t\t\t\t\t<span class=\"elementor-button-text\">Nous Contacter<\/span>\n\t\t\t\t\t\t\t\t\t\t\t\t\t<\/span>\n\t\t\t\t\t<\/button>\n\t\t\t\t<\/div>\n\t\t\t<\/div>\n\t\t<\/form>\n\t\t\t\t\t\t<\/div>\n\t\t\t\t<\/div>\n\t\t\t\t<\/div>\n\t\t\t\t\t<\/div>\n\t\t\t\t<\/div>\n\t\t<div class=\"elementor-element elementor-element-03e1865 e-flex e-con-boxed e-con e-parent\" data-id=\"03e1865\" data-element_type=\"container\" data-e-type=\"container\">\n\t\t\t\t\t<div class=\"e-con-inner\">\n\t\t<div class=\"elementor-element elementor-element-c8665d3 e-con-full e-flex e-con e-child\" data-id=\"c8665d3\" data-element_type=\"container\" data-e-type=\"container\" data-settings=\"{&quot;background_background&quot;:&quot;classic&quot;}\">\n\t\t\t\t<div class=\"elementor-element elementor-element-15d5c54 elementor-widget__width-initial exad-sticky-section-no exad-glass-effect-no elementor-widget elementor-widget-heading\" data-id=\"15d5c54\" data-element_type=\"widget\" data-e-type=\"widget\" data-widget_type=\"heading.default\">\n\t\t\t\t<div class=\"elementor-widget-container\">\n\t\t\t\t\t<h2 class=\"elementor-heading-title elementor-size-default\">\nVous avez une question, une demande ou une id\u00e9e pour un vol en wingsuit exceptionnel ? L'\u00e9quipe SkyVibration est l\u00e0 pour vous aider. N'h\u00e9sitez pas \u00e0 nous contacter via le formulaire ci-dessous ou par t\u00e9l\u00e9phone. Nous serons ravis de discuter avec vous et de vous aider \u00e0 planifier votre prochaine grande aventure a\u00e9rienne.<\/h2>\t\t\t\t<\/div>\n\t\t\t\t<\/div>\n\t\t\t\t<div class=\"elementor-element elementor-element-f4532c0 elementor-widget__width-initial elementor-widget-tablet__width-inherit exad-sticky-section-no exad-glass-effect-no elementor-widget elementor-widget-exad-exclusive-button\" data-id=\"f4532c0\" data-element_type=\"widget\" data-e-type=\"widget\" data-widget_type=\"exad-exclusive-button.default\">\n\t\t\t\t<div class=\"elementor-widget-container\">\n\t\t\t\t\t\r\n\t\t<div class=\"exad-button-wrapper effect-1 exad-button-incon-before-text exad-button-fixed-height-no\">\r\n\r\n\t\t\t\r\n\t\t\t<a href=\"https:\/\/skyvibration.com\/inscription-newsletter\/\" class=\"exad-button-action\">\r\n\t\t\t\t<span>S&#039;inscrire \u00e0 notre Newsletter<\/span>\t\t\t<\/a>\r\n\r\n\t\t\t\t\t<\/div>\r\n\t\t\t\t\t\t<\/div>\n\t\t\t\t<\/div>\n\t\t\t\t<\/div>\n\t\t\t\t\t<\/div>\n\t\t\t\t<\/div>\n\t\t\t\t<\/div>\n\t\t","protected":false},"excerpt":{"rendered":"<p>Contacter SkyVibration Discutons ensemble Des questions, des commentaires ou des suggestions ? Remplissez simplement le formulaire et nous vous contacterons rapidement France &#8211; Haute Savoie +33 6 16 37 70 47 contact@skyvibration.com Vous avez une question, une demande ou une id\u00e9e pour un vol en wingsuit exceptionnel ? L&rsquo;\u00e9quipe SkyVibration est l\u00e0 pour vous aider. [&hellip;]<\/p>\n","protected":false},"author":120,"featured_media":0,"parent":0,"menu_order":0,"comment_status":"closed","ping_status":"closed","template":"","meta":{"_acf_changed":false,"footnotes":""},"class_list":["post-7668","page","type-page","status-publish","hentry"],"acf":[],"_links":{"self":[{"href":"https:\/\/skyvibration.com\/en\/wp-json\/wp\/v2\/pages\/7668","targetHints":{"allow":["GET"]}}],"collection":[{"href":"https:\/\/skyvibration.com\/en\/wp-json\/wp\/v2\/pages"}],"about":[{"href":"https:\/\/skyvibration.com\/en\/wp-json\/wp\/v2\/types\/page"}],"author":[{"embeddable":true,"href":"https:\/\/skyvibration.com\/en\/wp-json\/wp\/v2\/users\/120"}],"replies":[{"embeddable":true,"href":"https:\/\/skyvibration.com\/en\/wp-json\/wp\/v2\/comments?post=7668"}],"version-history":[{"count":0,"href":"https:\/\/skyvibration.com\/en\/wp-json\/wp\/v2\/pages\/7668\/revisions"}],"wp:attachment":[{"href":"https:\/\/skyvibration.com\/en\/wp-json\/wp\/v2\/media?parent=7668"}],"curies":[{"name":"wp","href":"https:\/\/api.w.org\/{rel}","templated":true}]}}